{"id":674,"date":"2021-01-29T20:25:28","date_gmt":"2021-01-29T20:25:28","guid":{"rendered":"http:\/\/enrique-ferrer.es\/?page_id=674"},"modified":"2023-12-10T11:12:38","modified_gmt":"2023-12-10T11:12:38","slug":"3-dimensiones","status":"publish","type":"page","link":"https:\/\/enrique-ferrer.es\/index.php\/3-dimensiones\/","title":{"rendered":"3 Dimensiones"},"content":{"rendered":"\t\t<div data-elementor-type=\"wp-page\" data-elementor-id=\"674\" class=\"elementor elementor-674\">\n\t\t\t\t\t\t\t\t\t<section class=\"elementor-section elementor-top-section elementor-element elementor-element-13cc54b elementor-section-boxed elementor-section-height-default elementor-section-height-default\" data-id=\"13cc54b\" data-element_type=\"section\">\n\t\t\t\t\t\t<div class=\"elementor-container elementor-column-gap-default\">\n\t\t\t\t\t<div class=\"elementor-column elementor-col-100 elementor-top-column elementor-element elementor-element-8f9884f\" data-id=\"8f9884f\" data-element_type=\"column\">\n\t\t\t<div class=\"elementor-widget-wrap elementor-element-populated\">\n\t\t\t\t\t\t\t\t<div class=\"elementor-element elementor-element-60f6bf3 elementor-position-top elementor-widget elementor-widget-image-box\" data-id=\"60f6bf3\" data-element_type=\"widget\" data-widget_type=\"image-box.default\">\n\t\t\t\t<div class=\"elementor-widget-container\">\n\t\t\t<div class=\"elementor-image-box-wrapper\"><figure class=\"elementor-image-box-img\"><img loading=\"lazy\" decoding=\"async\" width=\"720\" height=\"1440\" src=\"https:\/\/enrique-ferrer.es\/wp-content\/uploads\/2021\/05\/Screenshot.png\" class=\"attachment-full size-full wp-image-1034\" alt=\"\" srcset=\"https:\/\/enrique-ferrer.es\/wp-content\/uploads\/2021\/05\/Screenshot.png 720w, https:\/\/enrique-ferrer.es\/wp-content\/uploads\/2021\/05\/Screenshot-150x300.png 150w, https:\/\/enrique-ferrer.es\/wp-content\/uploads\/2021\/05\/Screenshot-512x1024.png 512w\" sizes=\"auto, (max-width: 720px) 100vw, 720px\" \/><\/figure><div class=\"elementor-image-box-content\"><h3 class=\"elementor-image-box-title\">NAVEGACI\u00d3N con m\u00f3viles<\/h3><p class=\"elementor-image-box-description\">Acceda directamente al submen\u00fa deseado<\/p><\/div><\/div>\t\t<\/div>\n\t\t\t\t<\/div>\n\t\t\t\t\t<\/div>\n\t\t<\/div>\n\t\t\t\t\t\t\t<\/div>\n\t\t<\/section>\n\t\t\t\t\t\t\t<\/div>\n\t\t","protected":false},"excerpt":{"rendered":"<p>NAVEGACI\u00d3N con m\u00f3viles Acceda directamente al submen\u00fa deseado<\/p>\n","protected":false},"author":2,"featured_media":0,"parent":0,"menu_order":3,"comment_status":"closed","ping_status":"closed","template":"elementor_header_footer","meta":{"_mi_skip_tracking":false,"_monsterinsights_sitenote_active":false,"_monsterinsights_sitenote_note":"","_monsterinsights_sitenote_category":0,"footnotes":""},"class_list":["post-674","page","type-page","status-publish","hentry"],"_links":{"self":[{"href":"https:\/\/enrique-ferrer.es\/index.php\/wp-json\/wp\/v2\/pages\/674","targetHints":{"allow":["GET"]}}],"collection":[{"href":"https:\/\/enrique-ferrer.es\/index.php\/wp-json\/wp\/v2\/pages"}],"about":[{"href":"https:\/\/enrique-ferrer.es\/index.php\/wp-json\/wp\/v2\/types\/page"}],"author":[{"embeddable":true,"href":"https:\/\/enrique-ferrer.es\/index.php\/wp-json\/wp\/v2\/users\/2"}],"replies":[{"embeddable":true,"href":"https:\/\/enrique-ferrer.es\/index.php\/wp-json\/wp\/v2\/comments?post=674"}],"version-history":[{"count":5,"href":"https:\/\/enrique-ferrer.es\/index.php\/wp-json\/wp\/v2\/pages\/674\/revisions"}],"predecessor-version":[{"id":1040,"href":"https:\/\/enrique-ferrer.es\/index.php\/wp-json\/wp\/v2\/pages\/674\/revisions\/1040"}],"wp:attachment":[{"href":"https:\/\/enrique-ferrer.es\/index.php\/wp-json\/wp\/v2\/media?parent=674"}],"curies":[{"name":"wp","href":"https:\/\/api.w.org\/{rel}","templated":true}]}}