{"id":28,"date":"2021-01-25T20:24:53","date_gmt":"2021-01-25T20:24:53","guid":{"rendered":"http:\/\/enriqub.cluster030.hosting.ovh.net\/?page_id=28"},"modified":"2023-12-10T11:25:30","modified_gmt":"2023-12-10T11:25:30","slug":"3-series-re-visiones","status":"publish","type":"page","link":"https:\/\/enrique-ferrer.es\/index.php\/3-series-re-visiones\/","title":{"rendered":"3 Series Re-visiones"},"content":{"rendered":"\t\t<div data-elementor-type=\"wp-page\" data-elementor-id=\"28\" class=\"elementor elementor-28\">\n\t\t\t\t\t\t\t\t\t<section class=\"elementor-section elementor-top-section elementor-element elementor-element-4e4e04e elementor-section-boxed elementor-section-height-default elementor-section-height-default\" data-id=\"4e4e04e\" data-element_type=\"section\">\n\t\t\t\t\t\t<div class=\"elementor-container elementor-column-gap-default\">\n\t\t\t\t\t<div class=\"elementor-column elementor-col-100 elementor-top-column elementor-element elementor-element-74f6539\" data-id=\"74f6539\" data-element_type=\"column\">\n\t\t\t<div class=\"elementor-widget-wrap elementor-element-populated\">\n\t\t\t\t\t\t\t\t<div class=\"elementor-element elementor-element-9fb60e0 elementor-position-top elementor-widget elementor-widget-image-box\" data-id=\"9fb60e0\" data-element_type=\"widget\" data-widget_type=\"image-box.default\">\n\t\t\t\t<div class=\"elementor-widget-container\">\n\t\t\t<div class=\"elementor-image-box-wrapper\"><figure class=\"elementor-image-box-img\"><img loading=\"lazy\" decoding=\"async\" width=\"720\" height=\"1440\" src=\"https:\/\/enrique-ferrer.es\/wp-content\/uploads\/2021\/05\/Screenshot.png\" class=\"attachment-full size-full wp-image-1034\" alt=\"\" srcset=\"https:\/\/enrique-ferrer.es\/wp-content\/uploads\/2021\/05\/Screenshot.png 720w, https:\/\/enrique-ferrer.es\/wp-content\/uploads\/2021\/05\/Screenshot-150x300.png 150w, https:\/\/enrique-ferrer.es\/wp-content\/uploads\/2021\/05\/Screenshot-512x1024.png 512w\" sizes=\"auto, (max-width: 720px) 100vw, 720px\" \/><\/figure><div class=\"elementor-image-box-content\"><h3 class=\"elementor-image-box-title\">NAVEGACI\u00d3N con m\u00f3viles<\/h3><p class=\"elementor-image-box-description\">Acceda directamente al submen\u00fa deseado<\/p><\/div><\/div>\t\t<\/div>\n\t\t\t\t<\/div>\n\t\t\t\t\t<\/div>\n\t\t<\/div>\n\t\t\t\t\t\t\t<\/div>\n\t\t<\/section>\n\t\t\t\t\t\t\t<\/div>\n\t\t","protected":false},"excerpt":{"rendered":"<p>NAVEGACI\u00d3N con m\u00f3viles Acceda directamente al submen\u00fa deseado<\/p>\n","protected":false},"author":2,"featured_media":0,"parent":0,"menu_order":1,"comment_status":"closed","ping_status":"closed","template":"elementor_header_footer","meta":{"_mi_skip_tracking":false,"_monsterinsights_sitenote_active":false,"_monsterinsights_sitenote_note":"","_monsterinsights_sitenote_category":0,"footnotes":""},"class_list":["post-28","page","type-page","status-publish","hentry"],"_links":{"self":[{"href":"https:\/\/enrique-ferrer.es\/index.php\/wp-json\/wp\/v2\/pages\/28","targetHints":{"allow":["GET"]}}],"collection":[{"href":"https:\/\/enrique-ferrer.es\/index.php\/wp-json\/wp\/v2\/pages"}],"about":[{"href":"https:\/\/enrique-ferrer.es\/index.php\/wp-json\/wp\/v2\/types\/page"}],"author":[{"embeddable":true,"href":"https:\/\/enrique-ferrer.es\/index.php\/wp-json\/wp\/v2\/users\/2"}],"replies":[{"embeddable":true,"href":"https:\/\/enrique-ferrer.es\/index.php\/wp-json\/wp\/v2\/comments?post=28"}],"version-history":[{"count":14,"href":"https:\/\/enrique-ferrer.es\/index.php\/wp-json\/wp\/v2\/pages\/28\/revisions"}],"predecessor-version":[{"id":1037,"href":"https:\/\/enrique-ferrer.es\/index.php\/wp-json\/wp\/v2\/pages\/28\/revisions\/1037"}],"wp:attachment":[{"href":"https:\/\/enrique-ferrer.es\/index.php\/wp-json\/wp\/v2\/media?parent=28"}],"curies":[{"name":"wp","href":"https:\/\/api.w.org\/{rel}","templated":true}]}}