{"id":2019,"date":"2024-07-29T21:23:45","date_gmt":"2024-07-29T21:23:45","guid":{"rendered":"https:\/\/enrique-ferrer.es\/?page_id=2019"},"modified":"2024-07-29T22:19:12","modified_gmt":"2024-07-29T22:19:12","slug":"itinerario-interior","status":"publish","type":"page","link":"https:\/\/enrique-ferrer.es\/index.php\/moments\/itinerario-interior\/","title":{"rendered":"Itinerario interior"},"content":{"rendered":"\t\t<div data-elementor-type=\"wp-page\" data-elementor-id=\"2019\" class=\"elementor elementor-2019\">\n\t\t\t\t\t\t\t\t\t<section class=\"elementor-section elementor-top-section elementor-element elementor-element-c06f91a elementor-section-boxed elementor-section-height-default elementor-section-height-default\" data-id=\"c06f91a\" data-element_type=\"section\">\n\t\t\t\t\t\t<div class=\"elementor-container elementor-column-gap-default\">\n\t\t\t\t\t<div class=\"elementor-column elementor-col-100 elementor-top-column elementor-element elementor-element-458f0e8\" data-id=\"458f0e8\" data-element_type=\"column\">\n\t\t\t<div class=\"elementor-widget-wrap elementor-element-populated\">\n\t\t\t\t\t\t\t\t\t<\/div>\n\t\t<\/div>\n\t\t\t\t\t\t\t<\/div>\n\t\t<\/section>\n\t\t\t\t<section class=\"elementor-section elementor-top-section elementor-element elementor-element-850bc5c elementor-section-boxed elementor-section-height-default elementor-section-height-default\" data-id=\"850bc5c\" data-element_type=\"section\">\n\t\t\t\t\t\t<div class=\"elementor-container elementor-column-gap-default\">\n\t\t\t\t\t<div class=\"elementor-column elementor-col-100 elementor-top-column elementor-element elementor-element-3877111\" data-id=\"3877111\" data-element_type=\"column\">\n\t\t\t<div class=\"elementor-widget-wrap elementor-element-populated\">\n\t\t\t\t\t\t\t\t<div class=\"elementor-element elementor-element-d4679e6 elementor-widget elementor-widget-image-gallery\" data-id=\"d4679e6\" data-element_type=\"widget\" data-widget_type=\"image-gallery.default\">\n\t\t\t\t<div class=\"elementor-widget-container\">\n\t\t\t\t\t<div class=\"elementor-image-gallery\">\n\t\t\t<div id='gallery-1' class='gallery galleryid-2019 gallery-columns-4 gallery-size-medium'><figure class='gallery-item'>\n\t\t\t<div class='gallery-icon landscape'>\n\t\t\t\t<a data-elementor-open-lightbox=\"yes\" data-elementor-lightbox-slideshow=\"d4679e6\" data-elementor-lightbox-title=\"Decadencia\" data-elementor-lightbox-description=\"Lo que hab\u00eda se diluye, se transforma en otra cosa. El ciclo vital\" data-e-action-hash=\"#elementor-action%3Aaction%3Dlightbox%26settings%3DeyJpZCI6MjA2MCwidXJsIjoiaHR0cHM6XC9cL2VucmlxdWUtZmVycmVyLmVzXC93cC1jb250ZW50XC91cGxvYWRzXC8yMDI0XC8wN1wvUDQ1LURlY2FkZW5jaWEtc2NhbGVkLmpwZyIsInNsaWRlc2hvdyI6ImQ0Njc5ZTYifQ%3D%3D\" href='https:\/\/enrique-ferrer.es\/wp-content\/uploads\/2024\/07\/P45-Decadencia-scaled.jpg'><img loading=\"lazy\" decoding=\"async\" width=\"300\" height=\"205\" src=\"https:\/\/enrique-ferrer.es\/wp-content\/uploads\/2024\/07\/P45-Decadencia-300x205.jpg\" class=\"attachment-medium size-medium\" alt=\"\" srcset=\"https:\/\/enrique-ferrer.es\/wp-content\/uploads\/2024\/07\/P45-Decadencia-300x205.jpg 300w, https:\/\/enrique-ferrer.es\/wp-content\/uploads\/2024\/07\/P45-Decadencia-1024x700.jpg 1024w, https:\/\/enrique-ferrer.es\/wp-content\/uploads\/2024\/07\/P45-Decadencia-768x525.jpg 768w\" sizes=\"auto, (max-width: 300px) 100vw, 300px\" \/><\/a>\n\t\t\t<\/div><\/figure><figure class='gallery-item'>\n\t\t\t<div class='gallery-icon landscape'>\n\t\t\t\t<a data-elementor-open-lightbox=\"yes\" data-elementor-lightbox-slideshow=\"d4679e6\" data-elementor-lightbox-title=\"El deshielo\" data-elementor-lightbox-description=\"El despertar de la naturaleza\" data-e-action-hash=\"#elementor-action%3Aaction%3Dlightbox%26settings%3DeyJpZCI6MjA1MSwidXJsIjoiaHR0cHM6XC9cL2VucmlxdWUtZmVycmVyLmVzXC93cC1jb250ZW50XC91cGxvYWRzXC8yMDI0XC8wN1wvUDEtRWwtZGVzaGllbG9PLXNjYWxlZC5qcGciLCJzbGlkZXNob3ciOiJkNDY3OWU2In0%3D\" href='https:\/\/enrique-ferrer.es\/wp-content\/uploads\/2024\/07\/P1-El-deshieloO-scaled.jpg'><img loading=\"lazy\" decoding=\"async\" width=\"300\" height=\"201\" src=\"https:\/\/enrique-ferrer.es\/wp-content\/uploads\/2024\/07\/P1-El-deshieloO-300x201.jpg\" class=\"attachment-medium size-medium\" alt=\"\" srcset=\"https:\/\/enrique-ferrer.es\/wp-content\/uploads\/2024\/07\/P1-El-deshieloO-300x201.jpg 300w, https:\/\/enrique-ferrer.es\/wp-content\/uploads\/2024\/07\/P1-El-deshieloO-1024x685.jpg 1024w, https:\/\/enrique-ferrer.es\/wp-content\/uploads\/2024\/07\/P1-El-deshieloO-768x514.jpg 768w\" sizes=\"auto, (max-width: 300px) 100vw, 300px\" \/><\/a>\n\t\t\t<\/div><\/figure><figure class='gallery-item'>\n\t\t\t<div class='gallery-icon portrait'>\n\t\t\t\t<a data-elementor-open-lightbox=\"yes\" data-elementor-lightbox-slideshow=\"d4679e6\" data-elementor-lightbox-title=\"Almendro en flor\" data-elementor-lightbox-description=\"Saliendo del invierno, con fr\u00edo, en la monta\u00f1a, el esplendor\" data-e-action-hash=\"#elementor-action%3Aaction%3Dlightbox%26settings%3DeyJpZCI6MjA1OSwidXJsIjoiaHR0cHM6XC9cL2VucmlxdWUtZmVycmVyLmVzXC93cC1jb250ZW50XC91cGxvYWRzXC8yMDI0XC8wN1wvUDQwLUZsb3JhY2lvbi1hLXNjYWxlZC5qcGciLCJzbGlkZXNob3ciOiJkNDY3OWU2In0%3D\" href='https:\/\/enrique-ferrer.es\/wp-content\/uploads\/2024\/07\/P40-Floracion-a-scaled.jpg'><img loading=\"lazy\" decoding=\"async\" width=\"206\" height=\"300\" src=\"https:\/\/enrique-ferrer.es\/wp-content\/uploads\/2024\/07\/P40-Floracion-a-206x300.jpg\" class=\"attachment-medium size-medium\" alt=\"\" srcset=\"https:\/\/enrique-ferrer.es\/wp-content\/uploads\/2024\/07\/P40-Floracion-a-206x300.jpg 206w, https:\/\/enrique-ferrer.es\/wp-content\/uploads\/2024\/07\/P40-Floracion-a-704x1024.jpg 704w, https:\/\/enrique-ferrer.es\/wp-content\/uploads\/2024\/07\/P40-Floracion-a-768x1117.jpg 768w, https:\/\/enrique-ferrer.es\/wp-content\/uploads\/2024\/07\/P40-Floracion-a-1056x1536.jpg 1056w, https:\/\/enrique-ferrer.es\/wp-content\/uploads\/2024\/07\/P40-Floracion-a-1408x2048.jpg 1408w, https:\/\/enrique-ferrer.es\/wp-content\/uploads\/2024\/07\/P40-Floracion-a-scaled.jpg 1760w\" sizes=\"auto, (max-width: 206px) 100vw, 206px\" \/><\/a>\n\t\t\t<\/div><\/figure><figure class='gallery-item'>\n\t\t\t<div class='gallery-icon portrait'>\n\t\t\t\t<a data-elementor-open-lightbox=\"yes\" data-elementor-lightbox-slideshow=\"d4679e6\" data-elementor-lightbox-title=\"La silla de Gauguin\" data-elementor-lightbox-description=\"Homenaje de Gauguin a Van Gogh y mio hacia los dos. Fueron mis referentes juveniles\" data-e-action-hash=\"#elementor-action%3Aaction%3Dlightbox%26settings%3DeyJpZCI6MjA3NiwidXJsIjoiaHR0cHM6XC9cL2VucmlxdWUtZmVycmVyLmVzXC93cC1jb250ZW50XC91cGxvYWRzXC8yMDI0XC8wN1wvQzgtTGEtc2lsbGEtZGUtR2F1Z3Vpbi1zZWd1bi1WYW4tR2FnaC0xLXNjYWxlZC5qcGciLCJzbGlkZXNob3ciOiJkNDY3OWU2In0%3D\" href='https:\/\/enrique-ferrer.es\/wp-content\/uploads\/2024\/07\/C8-La-silla-de-Gauguin-segun-Van-Gagh-1-scaled.jpg'><img loading=\"lazy\" decoding=\"async\" width=\"198\" height=\"300\" src=\"https:\/\/enrique-ferrer.es\/wp-content\/uploads\/2024\/07\/C8-La-silla-de-Gauguin-segun-Van-Gagh-1-198x300.jpg\" class=\"attachment-medium size-medium\" alt=\"\" srcset=\"https:\/\/enrique-ferrer.es\/wp-content\/uploads\/2024\/07\/C8-La-silla-de-Gauguin-segun-Van-Gagh-1-198x300.jpg 198w, https:\/\/enrique-ferrer.es\/wp-content\/uploads\/2024\/07\/C8-La-silla-de-Gauguin-segun-Van-Gagh-1-676x1024.jpg 676w, https:\/\/enrique-ferrer.es\/wp-content\/uploads\/2024\/07\/C8-La-silla-de-Gauguin-segun-Van-Gagh-1-768x1163.jpg 768w, https:\/\/enrique-ferrer.es\/wp-content\/uploads\/2024\/07\/C8-La-silla-de-Gauguin-segun-Van-Gagh-1-1015x1536.jpg 1015w, https:\/\/enrique-ferrer.es\/wp-content\/uploads\/2024\/07\/C8-La-silla-de-Gauguin-segun-Van-Gagh-1-1353x2048.jpg 1353w, https:\/\/enrique-ferrer.es\/wp-content\/uploads\/2024\/07\/C8-La-silla-de-Gauguin-segun-Van-Gagh-1-scaled.jpg 1691w\" sizes=\"auto, (max-width: 198px) 100vw, 198px\" \/><\/a>\n\t\t\t<\/div><\/figure><figure class='gallery-item'>\n\t\t\t<div class='gallery-icon landscape'>\n\t\t\t\t<a data-elementor-open-lightbox=\"yes\" data-elementor-lightbox-slideshow=\"d4679e6\" data-elementor-lightbox-title=\"El mar del suen\u0303o\" data-elementor-lightbox-description=\"Evocaci\u00f3n de ese \u201cotro\u201d mundo,  en el que participamos todos, a trav\u00e9s del sue\u00f1o infantil\" data-e-action-hash=\"#elementor-action%3Aaction%3Dlightbox%26settings%3DeyJpZCI6MjAzMSwidXJsIjoiaHR0cHM6XC9cL2VucmlxdWUtZmVycmVyLmVzXC93cC1jb250ZW50XC91cGxvYWRzXC8yMDI0XC8wN1wvQzEwLUVsLW1hci1kZWwtc3Vlbm8tc2NhbGVkLmpwZyIsInNsaWRlc2hvdyI6ImQ0Njc5ZTYifQ%3D%3D\" href='https:\/\/enrique-ferrer.es\/wp-content\/uploads\/2024\/07\/C10-El-mar-del-sueno-scaled.jpg'><img loading=\"lazy\" decoding=\"async\" width=\"300\" height=\"198\" src=\"https:\/\/enrique-ferrer.es\/wp-content\/uploads\/2024\/07\/C10-El-mar-del-sueno-300x198.jpg\" class=\"attachment-medium size-medium\" alt=\"\" srcset=\"https:\/\/enrique-ferrer.es\/wp-content\/uploads\/2024\/07\/C10-El-mar-del-sueno-300x198.jpg 300w, https:\/\/enrique-ferrer.es\/wp-content\/uploads\/2024\/07\/C10-El-mar-del-sueno-1024x677.jpg 1024w, https:\/\/enrique-ferrer.es\/wp-content\/uploads\/2024\/07\/C10-El-mar-del-sueno-768x508.jpg 768w, https:\/\/enrique-ferrer.es\/wp-content\/uploads\/2024\/07\/C10-El-mar-del-sueno-1536x1016.jpg 1536w, https:\/\/enrique-ferrer.es\/wp-content\/uploads\/2024\/07\/C10-El-mar-del-sueno-2048x1355.jpg 2048w\" sizes=\"auto, (max-width: 300px) 100vw, 300px\" \/><\/a>\n\t\t\t<\/div><\/figure><figure class='gallery-item'>\n\t\t\t<div class='gallery-icon landscape'>\n\t\t\t\t<a data-elementor-open-lightbox=\"yes\" data-elementor-lightbox-slideshow=\"d4679e6\" data-elementor-lightbox-title=\"Himalaya\" data-elementor-lightbox-description=\"Viaje al Himalaya como mito terrestre y tropezar con la masificaci\u00f3n de curiosos\" data-e-action-hash=\"#elementor-action%3Aaction%3Dlightbox%26settings%3DeyJpZCI6MjA2NCwidXJsIjoiaHR0cHM6XC9cL2VucmlxdWUtZmVycmVyLmVzXC93cC1jb250ZW50XC91cGxvYWRzXC8yMDI0XC8wN1wvUEhPVE8tMjAyNC0wNy0yMS0xMy00OC0wNS5qcGciLCJzbGlkZXNob3ciOiJkNDY3OWU2In0%3D\" href='https:\/\/enrique-ferrer.es\/wp-content\/uploads\/2024\/07\/PHOTO-2024-07-21-13-48-05.jpg'><img loading=\"lazy\" decoding=\"async\" width=\"300\" height=\"229\" src=\"https:\/\/enrique-ferrer.es\/wp-content\/uploads\/2024\/07\/PHOTO-2024-07-21-13-48-05-300x229.jpg\" class=\"attachment-medium size-medium\" alt=\"\" srcset=\"https:\/\/enrique-ferrer.es\/wp-content\/uploads\/2024\/07\/PHOTO-2024-07-21-13-48-05-300x229.jpg 300w, https:\/\/enrique-ferrer.es\/wp-content\/uploads\/2024\/07\/PHOTO-2024-07-21-13-48-05-1024x780.jpg 1024w, https:\/\/enrique-ferrer.es\/wp-content\/uploads\/2024\/07\/PHOTO-2024-07-21-13-48-05-768x585.jpg 768w, https:\/\/enrique-ferrer.es\/wp-content\/uploads\/2024\/07\/PHOTO-2024-07-21-13-48-05-1536x1170.jpg 1536w, https:\/\/enrique-ferrer.es\/wp-content\/uploads\/2024\/07\/PHOTO-2024-07-21-13-48-05.jpg 2048w\" sizes=\"auto, (max-width: 300px) 100vw, 300px\" \/><\/a>\n\t\t\t<\/div><\/figure><figure class='gallery-item'>\n\t\t\t<div class='gallery-icon portrait'>\n\t\t\t\t<a data-elementor-open-lightbox=\"yes\" data-elementor-lightbox-slideshow=\"d4679e6\" data-elementor-lightbox-title=\"Aves del parai\u0301so\" data-elementor-lightbox-description=\"Ensue\u00f1o de un mundo en el que no est\u00e1bamos todav\u00eda\" data-e-action-hash=\"#elementor-action%3Aaction%3Dlightbox%26settings%3DeyJpZCI6MjAzNSwidXJsIjoiaHR0cHM6XC9cL2VucmlxdWUtZmVycmVyLmVzXC93cC1jb250ZW50XC91cGxvYWRzXC8yMDI0XC8wN1wvQzE0LUF2ZXMtZGVsLXBhcmFpc28tZS1zY2FsZWQuanBnIiwic2xpZGVzaG93IjoiZDQ2NzllNiJ9\" href='https:\/\/enrique-ferrer.es\/wp-content\/uploads\/2024\/07\/C14-Aves-del-paraiso-e-scaled.jpg'><img loading=\"lazy\" decoding=\"async\" width=\"220\" height=\"300\" src=\"https:\/\/enrique-ferrer.es\/wp-content\/uploads\/2024\/07\/C14-Aves-del-paraiso-e-220x300.jpg\" class=\"attachment-medium size-medium\" alt=\"\" srcset=\"https:\/\/enrique-ferrer.es\/wp-content\/uploads\/2024\/07\/C14-Aves-del-paraiso-e-220x300.jpg 220w, https:\/\/enrique-ferrer.es\/wp-content\/uploads\/2024\/07\/C14-Aves-del-paraiso-e-751x1024.jpg 751w, https:\/\/enrique-ferrer.es\/wp-content\/uploads\/2024\/07\/C14-Aves-del-paraiso-e-768x1047.jpg 768w, https:\/\/enrique-ferrer.es\/wp-content\/uploads\/2024\/07\/C14-Aves-del-paraiso-e-1127x1536.jpg 1127w, https:\/\/enrique-ferrer.es\/wp-content\/uploads\/2024\/07\/C14-Aves-del-paraiso-e-1502x2048.jpg 1502w, https:\/\/enrique-ferrer.es\/wp-content\/uploads\/2024\/07\/C14-Aves-del-paraiso-e-scaled.jpg 1878w\" sizes=\"auto, (max-width: 220px) 100vw, 220px\" \/><\/a>\n\t\t\t<\/div><\/figure><figure class='gallery-item'>\n\t\t\t<div class='gallery-icon portrait'>\n\t\t\t\t<a data-elementor-open-lightbox=\"yes\" data-elementor-lightbox-slideshow=\"d4679e6\" data-elementor-lightbox-title=\"Safari\" data-elementor-lightbox-description=\"Fascinaci\u00f3n y dominio de \u00c1frica\" data-e-action-hash=\"#elementor-action%3Aaction%3Dlightbox%26settings%3DeyJpZCI6MjAzNiwidXJsIjoiaHR0cHM6XC9cL2VucmlxdWUtZmVycmVyLmVzXC93cC1jb250ZW50XC91cGxvYWRzXC8yMDI0XC8wN1wvQzE4LUFjYW1wYWRhLXNjYWxlZC5qcGciLCJzbGlkZXNob3ciOiJkNDY3OWU2In0%3D\" href='https:\/\/enrique-ferrer.es\/wp-content\/uploads\/2024\/07\/C18-Acampada-scaled.jpg'><img loading=\"lazy\" decoding=\"async\" width=\"199\" height=\"300\" src=\"https:\/\/enrique-ferrer.es\/wp-content\/uploads\/2024\/07\/C18-Acampada-199x300.jpg\" class=\"attachment-medium size-medium\" alt=\"\" srcset=\"https:\/\/enrique-ferrer.es\/wp-content\/uploads\/2024\/07\/C18-Acampada-199x300.jpg 199w, https:\/\/enrique-ferrer.es\/wp-content\/uploads\/2024\/07\/C18-Acampada-678x1024.jpg 678w, https:\/\/enrique-ferrer.es\/wp-content\/uploads\/2024\/07\/C18-Acampada-768x1160.jpg 768w, https:\/\/enrique-ferrer.es\/wp-content\/uploads\/2024\/07\/C18-Acampada-scaled.jpg 1696w\" sizes=\"auto, (max-width: 199px) 100vw, 199px\" \/><\/a>\n\t\t\t<\/div><\/figure><figure class='gallery-item'>\n\t\t\t<div class='gallery-icon landscape'>\n\t\t\t\t<a data-elementor-open-lightbox=\"yes\" data-elementor-lightbox-slideshow=\"d4679e6\" data-elementor-lightbox-title=\"Babel, noche y di\u0301a\" data-elementor-lightbox-description=\"Salto a un pasado remoto cuando las lenguas no nos diferenciaban\" data-e-action-hash=\"#elementor-action%3Aaction%3Dlightbox%26settings%3DeyJpZCI6MjA0MSwidXJsIjoiaHR0cHM6XC9cL2VucmlxdWUtZmVycmVyLmVzXC93cC1jb250ZW50XC91cGxvYWRzXC8yMDI0XC8wN1wvQzMyLUJhYmVsLW5vY2hlLXktZGlhLXNjYWxlZC5qcGciLCJzbGlkZXNob3ciOiJkNDY3OWU2In0%3D\" href='https:\/\/enrique-ferrer.es\/wp-content\/uploads\/2024\/07\/C32-Babel-noche-y-dia-scaled.jpg'><img loading=\"lazy\" decoding=\"async\" width=\"300\" height=\"200\" src=\"https:\/\/enrique-ferrer.es\/wp-content\/uploads\/2024\/07\/C32-Babel-noche-y-dia-300x200.jpg\" class=\"attachment-medium size-medium\" alt=\"\" srcset=\"https:\/\/enrique-ferrer.es\/wp-content\/uploads\/2024\/07\/C32-Babel-noche-y-dia-300x200.jpg 300w, https:\/\/enrique-ferrer.es\/wp-content\/uploads\/2024\/07\/C32-Babel-noche-y-dia-1024x682.jpg 1024w, https:\/\/enrique-ferrer.es\/wp-content\/uploads\/2024\/07\/C32-Babel-noche-y-dia-768x512.jpg 768w, https:\/\/enrique-ferrer.es\/wp-content\/uploads\/2024\/07\/C32-Babel-noche-y-dia-1536x1024.jpg 1536w, https:\/\/enrique-ferrer.es\/wp-content\/uploads\/2024\/07\/C32-Babel-noche-y-dia-2048x1365.jpg 2048w, https:\/\/enrique-ferrer.es\/wp-content\/uploads\/2024\/07\/C32-Babel-noche-y-dia-507x338.jpg 507w\" sizes=\"auto, (max-width: 300px) 100vw, 300px\" \/><\/a>\n\t\t\t<\/div><\/figure><figure class='gallery-item'>\n\t\t\t<div class='gallery-icon landscape'>\n\t\t\t\t<a data-elementor-open-lightbox=\"yes\" data-elementor-lightbox-slideshow=\"d4679e6\" data-elementor-lightbox-title=\"Pai\u0301s del sol naciente\" data-elementor-lightbox-description=\"Un amanecer en las altas monta\u00f1as de cualquier pa\u00eds. Por defecto: Jap\u00f3n\" data-e-action-hash=\"#elementor-action%3Aaction%3Dlightbox%26settings%3DeyJpZCI6MjA4MywidXJsIjoiaHR0cHM6XC9cL2VucmlxdWUtZmVycmVyLmVzXC93cC1jb250ZW50XC91cGxvYWRzXC8yMDI0XC8wN1wvUDItUGFpcy1kZWwtc29sLW5hY2llbnRlLXNjYWxlZC5qcGciLCJzbGlkZXNob3ciOiJkNDY3OWU2In0%3D\" href='https:\/\/enrique-ferrer.es\/wp-content\/uploads\/2024\/07\/P2-Pais-del-sol-naciente-scaled.jpg'><img loading=\"lazy\" decoding=\"async\" width=\"300\" height=\"198\" src=\"https:\/\/enrique-ferrer.es\/wp-content\/uploads\/2024\/07\/P2-Pais-del-sol-naciente-300x198.jpg\" class=\"attachment-medium size-medium\" alt=\"\" srcset=\"https:\/\/enrique-ferrer.es\/wp-content\/uploads\/2024\/07\/P2-Pais-del-sol-naciente-300x198.jpg 300w, https:\/\/enrique-ferrer.es\/wp-content\/uploads\/2024\/07\/P2-Pais-del-sol-naciente-1024x675.jpg 1024w, https:\/\/enrique-ferrer.es\/wp-content\/uploads\/2024\/07\/P2-Pais-del-sol-naciente-768x506.jpg 768w, https:\/\/enrique-ferrer.es\/wp-content\/uploads\/2024\/07\/P2-Pais-del-sol-naciente-1536x1012.jpg 1536w, https:\/\/enrique-ferrer.es\/wp-content\/uploads\/2024\/07\/P2-Pais-del-sol-naciente-2048x1350.jpg 2048w\" sizes=\"auto, (max-width: 300px) 100vw, 300px\" \/><\/a>\n\t\t\t<\/div><\/figure><figure class='gallery-item'>\n\t\t\t<div class='gallery-icon landscape'>\n\t\t\t\t<a data-elementor-open-lightbox=\"yes\" data-elementor-lightbox-slideshow=\"d4679e6\" data-elementor-lightbox-title=\"Ultramar\" data-elementor-lightbox-description=\"Lo absolutamente desconocido y la fascinaci\u00f3n del oro\" data-e-action-hash=\"#elementor-action%3Aaction%3Dlightbox%26settings%3DeyJpZCI6MjA0MCwidXJsIjoiaHR0cHM6XC9cL2VucmlxdWUtZmVycmVyLmVzXC93cC1jb250ZW50XC91cGxvYWRzXC8yMDI0XC8wN1wvQzI5LVVsdHJhbWFyLXNjYWxlZC5qcGciLCJzbGlkZXNob3ciOiJkNDY3OWU2In0%3D\" href='https:\/\/enrique-ferrer.es\/wp-content\/uploads\/2024\/07\/C29-Ultramar-scaled.jpg'><img loading=\"lazy\" decoding=\"async\" width=\"300\" height=\"201\" src=\"https:\/\/enrique-ferrer.es\/wp-content\/uploads\/2024\/07\/C29-Ultramar-300x201.jpg\" class=\"attachment-medium size-medium\" alt=\"\" srcset=\"https:\/\/enrique-ferrer.es\/wp-content\/uploads\/2024\/07\/C29-Ultramar-300x201.jpg 300w, https:\/\/enrique-ferrer.es\/wp-content\/uploads\/2024\/07\/C29-Ultramar-1024x687.jpg 1024w, https:\/\/enrique-ferrer.es\/wp-content\/uploads\/2024\/07\/C29-Ultramar-768x515.jpg 768w\" sizes=\"auto, (max-width: 300px) 100vw, 300px\" \/><\/a>\n\t\t\t<\/div><\/figure><figure class='gallery-item'>\n\t\t\t<div class='gallery-icon landscape'>\n\t\t\t\t<a data-elementor-open-lightbox=\"yes\" data-elementor-lightbox-slideshow=\"d4679e6\" data-elementor-lightbox-title=\"Entrop\u00eda\" data-elementor-lightbox-description=\"Tendencia de los sistemas a la degradaci\u00f3n, al enfriamiento absoluto\" data-e-action-hash=\"#elementor-action%3Aaction%3Dlightbox%26settings%3DeyJpZCI6MjA4NCwidXJsIjoiaHR0cHM6XC9cL2VucmlxdWUtZmVycmVyLmVzXC93cC1jb250ZW50XC91cGxvYWRzXC8yMDI0XC8wN1wvUEhPVE8tMjAyNC0wNy0yMS0xMy00OC0wNTEtMS5qcGciLCJzbGlkZXNob3ciOiJkNDY3OWU2In0%3D\" href='https:\/\/enrique-ferrer.es\/wp-content\/uploads\/2024\/07\/PHOTO-2024-07-21-13-48-051-1.jpg'><img loading=\"lazy\" decoding=\"async\" width=\"300\" height=\"194\" src=\"https:\/\/enrique-ferrer.es\/wp-content\/uploads\/2024\/07\/PHOTO-2024-07-21-13-48-051-1-300x194.jpg\" class=\"attachment-medium size-medium\" alt=\"\" srcset=\"https:\/\/enrique-ferrer.es\/wp-content\/uploads\/2024\/07\/PHOTO-2024-07-21-13-48-051-1-300x194.jpg 300w, https:\/\/enrique-ferrer.es\/wp-content\/uploads\/2024\/07\/PHOTO-2024-07-21-13-48-051-1-1024x664.jpg 1024w, https:\/\/enrique-ferrer.es\/wp-content\/uploads\/2024\/07\/PHOTO-2024-07-21-13-48-051-1-768x498.jpg 768w, https:\/\/enrique-ferrer.es\/wp-content\/uploads\/2024\/07\/PHOTO-2024-07-21-13-48-051-1-1536x996.jpg 1536w, https:\/\/enrique-ferrer.es\/wp-content\/uploads\/2024\/07\/PHOTO-2024-07-21-13-48-051-1.jpg 1740w\" sizes=\"auto, (max-width: 300px) 100vw, 300px\" \/><\/a>\n\t\t\t<\/div><\/figure><figure class='gallery-item'>\n\t\t\t<div class='gallery-icon portrait'>\n\t\t\t\t<a data-elementor-open-lightbox=\"yes\" data-elementor-lightbox-slideshow=\"d4679e6\" data-elementor-lightbox-title=\"Brownwyn\" data-elementor-lightbox-description=\"La fuerza y belleza de la naturaleza en un mito del poeta Juan Eduardo Cirlot\" data-e-action-hash=\"#elementor-action%3Aaction%3Dlightbox%26settings%3DeyJpZCI6MjA4NSwidXJsIjoiaHR0cHM6XC9cL2VucmlxdWUtZmVycmVyLmVzXC93cC1jb250ZW50XC91cGxvYWRzXC8yMDI0XC8wN1wvUEhPVE8tMjAyNC0wNy0yMS0xMy00OC0wNTItMS5qcGciLCJzbGlkZXNob3ciOiJkNDY3OWU2In0%3D\" href='https:\/\/enrique-ferrer.es\/wp-content\/uploads\/2024\/07\/PHOTO-2024-07-21-13-48-052-1.jpg'><img loading=\"lazy\" decoding=\"async\" width=\"186\" height=\"300\" src=\"https:\/\/enrique-ferrer.es\/wp-content\/uploads\/2024\/07\/PHOTO-2024-07-21-13-48-052-1-186x300.jpg\" class=\"attachment-medium size-medium\" alt=\"\" srcset=\"https:\/\/enrique-ferrer.es\/wp-content\/uploads\/2024\/07\/PHOTO-2024-07-21-13-48-052-1-186x300.jpg 186w, https:\/\/enrique-ferrer.es\/wp-content\/uploads\/2024\/07\/PHOTO-2024-07-21-13-48-052-1-633x1024.jpg 633w, https:\/\/enrique-ferrer.es\/wp-content\/uploads\/2024\/07\/PHOTO-2024-07-21-13-48-052-1-768x1242.jpg 768w, https:\/\/enrique-ferrer.es\/wp-content\/uploads\/2024\/07\/PHOTO-2024-07-21-13-48-052-1-950x1536.jpg 950w, https:\/\/enrique-ferrer.es\/wp-content\/uploads\/2024\/07\/PHOTO-2024-07-21-13-48-052-1.jpg 1128w\" sizes=\"auto, (max-width: 186px) 100vw, 186px\" \/><\/a>\n\t\t\t<\/div><\/figure><figure class='gallery-item'>\n\t\t\t<div class='gallery-icon portrait'>\n\t\t\t\t<a data-elementor-open-lightbox=\"yes\" data-elementor-lightbox-slideshow=\"d4679e6\" data-elementor-lightbox-title=\"Ninfa del bosque\" data-elementor-lightbox-description=\"Concepci\u00f3n cl\u00e1sica del alma de la naturaleza\" data-e-action-hash=\"#elementor-action%3Aaction%3Dlightbox%26settings%3DeyJpZCI6MjAzNywidXJsIjoiaHR0cHM6XC9cL2VucmlxdWUtZmVycmVyLmVzXC93cC1jb250ZW50XC91cGxvYWRzXC8yMDI0XC8wN1wvQzIzLU5pbmZhLWRlbC1ib3NxdWUtc2NhbGVkLmpwZyIsInNsaWRlc2hvdyI6ImQ0Njc5ZTYifQ%3D%3D\" href='https:\/\/enrique-ferrer.es\/wp-content\/uploads\/2024\/07\/C23-Ninfa-del-bosque-scaled.jpg'><img loading=\"lazy\" decoding=\"async\" width=\"202\" height=\"300\" src=\"https:\/\/enrique-ferrer.es\/wp-content\/uploads\/2024\/07\/C23-Ninfa-del-bosque-202x300.jpg\" class=\"attachment-medium size-medium\" alt=\"\" srcset=\"https:\/\/enrique-ferrer.es\/wp-content\/uploads\/2024\/07\/C23-Ninfa-del-bosque-202x300.jpg 202w, https:\/\/enrique-ferrer.es\/wp-content\/uploads\/2024\/07\/C23-Ninfa-del-bosque-689x1024.jpg 689w, https:\/\/enrique-ferrer.es\/wp-content\/uploads\/2024\/07\/C23-Ninfa-del-bosque-768x1142.jpg 768w, https:\/\/enrique-ferrer.es\/wp-content\/uploads\/2024\/07\/C23-Ninfa-del-bosque-1033x1536.jpg 1033w, https:\/\/enrique-ferrer.es\/wp-content\/uploads\/2024\/07\/C23-Ninfa-del-bosque-1377x2048.jpg 1377w, https:\/\/enrique-ferrer.es\/wp-content\/uploads\/2024\/07\/C23-Ninfa-del-bosque-scaled.jpg 1721w\" sizes=\"auto, (max-width: 202px) 100vw, 202px\" \/><\/a>\n\t\t\t<\/div><\/figure><figure class='gallery-item'>\n\t\t\t<div class='gallery-icon landscape'>\n\t\t\t\t<a data-elementor-open-lightbox=\"yes\" data-elementor-lightbox-slideshow=\"d4679e6\" data-elementor-lightbox-title=\"Infancia\" data-elementor-lightbox-description=\"Como en el juego de La oca: vuelta al principio\" data-e-action-hash=\"#elementor-action%3Aaction%3Dlightbox%26settings%3DeyJpZCI6MjA0MiwidXJsIjoiaHR0cHM6XC9cL2VucmlxdWUtZmVycmVyLmVzXC93cC1jb250ZW50XC91cGxvYWRzXC8yMDI0XC8wN1wvQzQ0LUluZmFuY2lhLXNjYWxlZC5qcGciLCJzbGlkZXNob3ciOiJkNDY3OWU2In0%3D\" href='https:\/\/enrique-ferrer.es\/wp-content\/uploads\/2024\/07\/C44-Infancia-scaled.jpg'><img loading=\"lazy\" decoding=\"async\" width=\"300\" height=\"216\" src=\"https:\/\/enrique-ferrer.es\/wp-content\/uploads\/2024\/07\/C44-Infancia-300x216.jpg\" class=\"attachment-medium size-medium\" alt=\"\" srcset=\"https:\/\/enrique-ferrer.es\/wp-content\/uploads\/2024\/07\/C44-Infancia-300x216.jpg 300w, https:\/\/enrique-ferrer.es\/wp-content\/uploads\/2024\/07\/C44-Infancia-1024x738.jpg 1024w, https:\/\/enrique-ferrer.es\/wp-content\/uploads\/2024\/07\/C44-Infancia-768x553.jpg 768w, https:\/\/enrique-ferrer.es\/wp-content\/uploads\/2024\/07\/C44-Infancia-1536x1106.jpg 1536w, https:\/\/enrique-ferrer.es\/wp-content\/uploads\/2024\/07\/C44-Infancia-2048x1475.jpg 2048w\" sizes=\"auto, (max-width: 300px) 100vw, 300px\" \/><\/a>\n\t\t\t<\/div><\/figure><figure class='gallery-item'>\n\t\t\t<div class='gallery-icon landscape'>\n\t\t\t\t<a data-elementor-open-lightbox=\"yes\" data-elementor-lightbox-slideshow=\"d4679e6\" data-elementor-lightbox-title=\"LA\u0300tzu\u0300bia 10.08.23, 40\u00ba C\" data-elementor-lightbox-description=\"Fue un d\u00eda de intenso calor. La idea era visualizar el calor. Como hoy\" data-e-action-hash=\"#elementor-action%3Aaction%3Dlightbox%26settings%3DeyJpZCI6MjA0OSwidXJsIjoiaHR0cHM6XC9cL2VucmlxdWUtZmVycmVyLmVzXC93cC1jb250ZW50XC91cGxvYWRzXC8yMDI0XC8wN1wvUC01NS1MQXR6dWJpYS0xMC4wOC4yMy00MG8tYy1zY2FsZWQuanBnIiwic2xpZGVzaG93IjoiZDQ2NzllNiJ9\" href='https:\/\/enrique-ferrer.es\/wp-content\/uploads\/2024\/07\/P-55-LAtzubia-10.08.23-40o-c-scaled.jpg'><img loading=\"lazy\" decoding=\"async\" width=\"300\" height=\"149\" src=\"https:\/\/enrique-ferrer.es\/wp-content\/uploads\/2024\/07\/P-55-LAtzubia-10.08.23-40o-c-300x149.jpg\" class=\"attachment-medium size-medium\" alt=\"\" srcset=\"https:\/\/enrique-ferrer.es\/wp-content\/uploads\/2024\/07\/P-55-LAtzubia-10.08.23-40o-c-300x149.jpg 300w, https:\/\/enrique-ferrer.es\/wp-content\/uploads\/2024\/07\/P-55-LAtzubia-10.08.23-40o-c-1024x507.jpg 1024w, https:\/\/enrique-ferrer.es\/wp-content\/uploads\/2024\/07\/P-55-LAtzubia-10.08.23-40o-c-768x381.jpg 768w, https:\/\/enrique-ferrer.es\/wp-content\/uploads\/2024\/07\/P-55-LAtzubia-10.08.23-40o-c-1536x761.jpg 1536w, https:\/\/enrique-ferrer.es\/wp-content\/uploads\/2024\/07\/P-55-LAtzubia-10.08.23-40o-c-2048x1015.jpg 2048w\" sizes=\"auto, (max-width: 300px) 100vw, 300px\" \/><\/a>\n\t\t\t<\/div><\/figure>\n\t\t<\/div>\n\t\t<\/div>\n\t\t\t\t<\/div>\n\t\t\t\t<\/div>\n\t\t\t\t\t<\/div>\n\t\t<\/div>\n\t\t\t\t\t\t\t<\/div>\n\t\t<\/section>\n\t\t\t\t\t\t\t<\/div>\n\t\t","protected":false},"excerpt":{"rendered":"","protected":false},"author":3,"featured_media":0,"parent":1991,"menu_order":0,"comment_status":"closed","ping_status":"closed","template":"","meta":{"_mi_skip_tracking":false,"_monsterinsights_sitenote_active":false,"_monsterinsights_sitenote_note":"","_monsterinsights_sitenote_category":0,"footnotes":""},"class_list":["post-2019","page","type-page","status-publish","hentry"],"_links":{"self":[{"href":"https:\/\/enrique-ferrer.es\/index.php\/wp-json\/wp\/v2\/pages\/2019","targetHints":{"allow":["GET"]}}],"collection":[{"href":"https:\/\/enrique-ferrer.es\/index.php\/wp-json\/wp\/v2\/pages"}],"about":[{"href":"https:\/\/enrique-ferrer.es\/index.php\/wp-json\/wp\/v2\/types\/page"}],"author":[{"embeddable":true,"href":"https:\/\/enrique-ferrer.es\/index.php\/wp-json\/wp\/v2\/users\/3"}],"replies":[{"embeddable":true,"href":"https:\/\/enrique-ferrer.es\/index.php\/wp-json\/wp\/v2\/comments?post=2019"}],"version-history":[{"count":7,"href":"https:\/\/enrique-ferrer.es\/index.php\/wp-json\/wp\/v2\/pages\/2019\/revisions"}],"predecessor-version":[{"id":2133,"href":"https:\/\/enrique-ferrer.es\/index.php\/wp-json\/wp\/v2\/pages\/2019\/revisions\/2133"}],"up":[{"embeddable":true,"href":"https:\/\/enrique-ferrer.es\/index.php\/wp-json\/wp\/v2\/pages\/1991"}],"wp:attachment":[{"href":"https:\/\/enrique-ferrer.es\/index.php\/wp-json\/wp\/v2\/media?parent=2019"}],"curies":[{"name":"wp","href":"https:\/\/api.w.org\/{rel}","templated":true}]}}